{"id":152,"date":"2024-03-23T01:21:08","date_gmt":"2024-03-23T01:21:08","guid":{"rendered":"https:\/\/fablomusic.de\/?post_type=product&#038;p=152"},"modified":"2024-04-15T12:28:30","modified_gmt":"2024-04-15T12:28:30","slug":"fablo-logo-hoodie","status":"publish","type":"product","link":"https:\/\/fablomusic.de\/?product=fablo-logo-hoodie","title":{"rendered":"FABLO LOGO HOODIE"},"content":{"rendered":"<p>65% Baumwolle 35% Polyester<\/p>\n<p>&nbsp;<\/p>\n<p><strong>Gr\u00f6\u00dfenempfehlung<\/strong><\/p>\n<p>F\u00fcr den perfekten Look empfehlen wir eine Gr\u00f6\u00dfe gr\u00f6\u00dfer<\/p>\n<p>&nbsp;<\/p>\n<p><strong>Waschhinweise<\/strong><\/p>\n<p>Bei 30 Grad pflegeleicht waschen und keinen Weichsp\u00fcler verwenden<\/p>\n<p>Beim Waschen und B\u00fcgeln auf links drehen und nicht in den Trockner geben<\/p>\n<p>&nbsp;<\/p>\n","protected":false},"excerpt":{"rendered":"<p>Normaler Schnitt<\/p>\n","protected":false},"featured_media":164,"template":"","meta":[],"product_cat":[37],"product_tag":[],"_links":{"self":[{"href":"https:\/\/fablomusic.de\/index.php?rest_route=\/wp\/v2\/product\/152"}],"collection":[{"href":"https:\/\/fablomusic.de\/index.php?rest_route=\/wp\/v2\/product"}],"about":[{"href":"https:\/\/fablomusic.de\/index.php?rest_route=\/wp\/v2\/types\/product"}],"wp:featuredmedia":[{"embeddable":true,"href":"https:\/\/fablomusic.de\/index.php?rest_route=\/wp\/v2\/media\/164"}],"wp:attachment":[{"href":"https:\/\/fablomusic.de\/index.php?rest_route=%2Fwp%2Fv2%2Fmedia&parent=152"}],"wp:term":[{"taxonomy":"product_cat","embeddable":true,"href":"https:\/\/fablomusic.de\/index.php?rest_route=%2Fwp%2Fv2%2Fproduct_cat&post=152"},{"taxonomy":"product_tag","embeddable":true,"href":"https:\/\/fablomusic.de\/index.php?rest_route=%2Fwp%2Fv2%2Fproduct_tag&post=152"}],"curies":[{"name":"wp","href":"https:\/\/api.w.org\/{rel}","templated":true}]}}