{"id":409,"date":"2025-07-05T17:03:05","date_gmt":"2025-07-05T17:03:05","guid":{"rendered":"https:\/\/fablomusic.de\/?post_type=product&#038;p=409"},"modified":"2026-02-08T16:57:37","modified_gmt":"2026-02-08T16:57:37","slug":"high-energy-only-shirt","status":"publish","type":"product","link":"https:\/\/fablomusic.de\/?product=high-energy-only-shirt","title":{"rendered":"HIGH ENERGY ONLY Shirt"},"content":{"rendered":"<p>100% organic cotton<\/p>\n<p>&nbsp;<\/p>\n<p><strong>Gr\u00f6\u00dfenempfehlung: <\/strong><\/p>\n<p>Das Shirt f\u00e4llt normal aus, trotzdem bitte die Gr\u00f6\u00dfentabelle beachten!<\/p>\n<p>FABLO ist 1,67m und tr\u00e4gt S<\/p>\n<p>Bei einer K\u00f6rpergr\u00f6\u00dfe von 1,85m empfehlen wir XL<\/p>\n<p>&nbsp;<\/p>\n<p><strong>Waschhinweise<\/strong><\/p>\n<p>Bei 30 Grad pflegeleicht waschen und keinen Weichsp\u00fcler verwenden<\/p>\n<p>Beim Waschen und B\u00fcgeln auf links drehen und nicht in den Trockner geben<\/p>\n","protected":false},"excerpt":{"rendered":"<p>100% organic cotton \/\/ leichter oversize Schnitt<\/p>\n","protected":false},"featured_media":400,"template":"","meta":[],"product_cat":[37],"product_tag":[],"_links":{"self":[{"href":"https:\/\/fablomusic.de\/index.php?rest_route=\/wp\/v2\/product\/409"}],"collection":[{"href":"https:\/\/fablomusic.de\/index.php?rest_route=\/wp\/v2\/product"}],"about":[{"href":"https:\/\/fablomusic.de\/index.php?rest_route=\/wp\/v2\/types\/product"}],"wp:featuredmedia":[{"embeddable":true,"href":"https:\/\/fablomusic.de\/index.php?rest_route=\/wp\/v2\/media\/400"}],"wp:attachment":[{"href":"https:\/\/fablomusic.de\/index.php?rest_route=%2Fwp%2Fv2%2Fmedia&parent=409"}],"wp:term":[{"taxonomy":"product_cat","embeddable":true,"href":"https:\/\/fablomusic.de\/index.php?rest_route=%2Fwp%2Fv2%2Fproduct_cat&post=409"},{"taxonomy":"product_tag","embeddable":true,"href":"https:\/\/fablomusic.de\/index.php?rest_route=%2Fwp%2Fv2%2Fproduct_tag&post=409"}],"curies":[{"name":"wp","href":"https:\/\/api.w.org\/{rel}","templated":true}]}}