{"id":66,"date":"2024-03-10T20:43:38","date_gmt":"2024-03-10T20:43:38","guid":{"rendered":"https:\/\/fablomusic.de\/?post_type=product&#038;p=66"},"modified":"2024-04-12T16:09:42","modified_gmt":"2024-04-12T16:09:42","slug":"spectrum-t-shirt","status":"publish","type":"product","link":"https:\/\/fablomusic.de\/?product=spectrum-t-shirt","title":{"rendered":"SPECTRUM OVERSIZE T-SHIRT"},"content":{"rendered":"<p>100% Baumwolle<\/p>\n<p>&nbsp;<\/p>\n<p><strong>Gr\u00f6\u00dfenempfehlung<\/strong><\/p>\n<p>F\u00fcr den perfekten Look empfehlen wir bei einer K\u00f6rpergr\u00f6\u00dfe von 1,85m die Gr\u00f6\u00dfe L<\/p>\n<p>&nbsp;<\/p>\n<p><strong>Waschhinweise<\/strong><\/p>\n<p>Bei 30 Grad pflegeleicht waschen und keinen Weichsp\u00fcler verwenden<\/p>\n<p>Beim Waschen und B\u00fcgeln auf links drehen und nicht in den Trockner geben<\/p>\n<p>&nbsp;<\/p>\n","protected":false},"excerpt":{"rendered":"<p>Oversize Schnitt<\/p>\n","protected":false},"featured_media":68,"template":"","meta":[],"product_cat":[37],"product_tag":[],"_links":{"self":[{"href":"https:\/\/fablomusic.de\/index.php?rest_route=\/wp\/v2\/product\/66"}],"collection":[{"href":"https:\/\/fablomusic.de\/index.php?rest_route=\/wp\/v2\/product"}],"about":[{"href":"https:\/\/fablomusic.de\/index.php?rest_route=\/wp\/v2\/types\/product"}],"wp:featuredmedia":[{"embeddable":true,"href":"https:\/\/fablomusic.de\/index.php?rest_route=\/wp\/v2\/media\/68"}],"wp:attachment":[{"href":"https:\/\/fablomusic.de\/index.php?rest_route=%2Fwp%2Fv2%2Fmedia&parent=66"}],"wp:term":[{"taxonomy":"product_cat","embeddable":true,"href":"https:\/\/fablomusic.de\/index.php?rest_route=%2Fwp%2Fv2%2Fproduct_cat&post=66"},{"taxonomy":"product_tag","embeddable":true,"href":"https:\/\/fablomusic.de\/index.php?rest_route=%2Fwp%2Fv2%2Fproduct_tag&post=66"}],"curies":[{"name":"wp","href":"https:\/\/api.w.org\/{rel}","templated":true}]}}